{"id":13277,"date":"2024-01-07T12:07:24","date_gmt":"2024-01-07T12:07:24","guid":{"rendered":"https:\/\/neptunneondesign.com\/urun\/kirilan-tirnagim-olsun-neon-sign\/"},"modified":"2024-01-07T12:07:24","modified_gmt":"2024-01-07T12:07:24","slug":"kirilan-tirnagim-olsun-neon-sign","status":"publish","type":"product","link":"https:\/\/neptunneondesign.com\/en\/urun\/kirilan-tirnagim-olsun-neon-sign\/","title":{"rendered":"K\u0131r\u0131lan T\u0131rna\u011f\u0131m Olsun Neon Sign"},"content":{"rendered":"<h1 style=\"text-align: center;\">K\u0131r\u0131lan T\u0131rna\u011f\u0131m Olsun Neon Sign Product Features<\/h1>\n<p style=\"text-align: center;\"><strong>PRODUCT DIMENSIONS (Width x Length) 100&#215;40 cm<\/strong><\/p>\n<p style=\"text-align: center;\">K\u0131r\u0131lan T\u0131rna\u011f\u0131m Olsun Neon Sign is produced using unbreakable, environmentally friendly materials<\/p>\n<p style=\"text-align: center;\">Our products are applied to 1st Class 5mm transparent plexiglass.<\/p>\n<p style=\"text-align: center;\">Made from water and dust resistant material<\/p>\n<p style=\"text-align: center;\">Easy to carry and replaceable<\/p>\n<p style=\"text-align: center;\">Product usage support<\/p>\n<p style=\"text-align: center;\">Up to 100,000 hours of use<\/p>\n<p style=\"text-align: center;\">Input-output voltage values \u200b\u200b220v ~12v<\/p>\n<p style=\"text-align: center;\">Can be used indoors and outdoors<\/p>\n<p style=\"text-align: center;\">You can send us your product-related color, size, etc. change requests via Whatsapp.<\/p>\n<h2 style=\"text-align: center;\">K\u0131r\u0131lan T\u0131rna\u011f\u0131m Olsun Neon Sign Box Content<\/h2>\n<p style=\"text-align: center;\">With short circuit protected power supply<\/p>\n<p style=\"text-align: center;\">Plug and play socket, delivered with 3 meter cable<\/p>\n<p style=\"text-align: center;\">It has ready-made holes for fixing it to the wall and is shipped with imported plexiglass screws.<\/p>\n","protected":false},"excerpt":{"rendered":"<p>K\u0131r\u0131lan T\u0131rna\u011f\u0131m Olsun Neon Sign<\/p>\n","protected":false},"featured_media":11331,"comment_status":"open","ping_status":"closed","template":"","meta":[],"product_brand":[],"product_cat":[116],"product_tag":[],"class_list":{"0":"post-13277","1":"product","2":"type-product","3":"status-publish","4":"has-post-thumbnail","6":"product_cat-neon-table","8":"first","9":"instock","10":"sale","11":"taxable","12":"shipping-taxable","13":"purchasable","14":"product-type-variable"},"_links":{"self":[{"href":"https:\/\/neptunneondesign.com\/en\/wp-json\/wp\/v2\/product\/13277","targetHints":{"allow":["GET"]}}],"collection":[{"href":"https:\/\/neptunneondesign.com\/en\/wp-json\/wp\/v2\/product"}],"about":[{"href":"https:\/\/neptunneondesign.com\/en\/wp-json\/wp\/v2\/types\/product"}],"replies":[{"embeddable":true,"href":"https:\/\/neptunneondesign.com\/en\/wp-json\/wp\/v2\/comments?post=13277"}],"version-history":[{"count":0,"href":"https:\/\/neptunneondesign.com\/en\/wp-json\/wp\/v2\/product\/13277\/revisions"}],"wp:featuredmedia":[{"embeddable":true,"href":"https:\/\/neptunneondesign.com\/en\/wp-json\/wp\/v2\/media\/11331"}],"wp:attachment":[{"href":"https:\/\/neptunneondesign.com\/en\/wp-json\/wp\/v2\/media?parent=13277"}],"wp:term":[{"taxonomy":"product_brand","embeddable":true,"href":"https:\/\/neptunneondesign.com\/en\/wp-json\/wp\/v2\/product_brand?post=13277"},{"taxonomy":"product_cat","embeddable":true,"href":"https:\/\/neptunneondesign.com\/en\/wp-json\/wp\/v2\/product_cat?post=13277"},{"taxonomy":"product_tag","embeddable":true,"href":"https:\/\/neptunneondesign.com\/en\/wp-json\/wp\/v2\/product_tag?post=13277"}],"curies":[{"name":"wp","href":"https:\/\/api.w.org\/{rel}","templated":true}]}}